

{"id":144,"date":"2015-02-01T17:15:11","date_gmt":"2015-02-01T16:15:11","guid":{"rendered":"http:\/\/xn--gitedelaudurire-6mb.fr\/?page_id=144"},"modified":"2022-02-10T14:18:12","modified_gmt":"2022-02-10T13:18:12","slug":"the-region","status":"publish","type":"page","link":"https:\/\/gitedelauduriere.fr\/en\/the-region\/","title":{"rendered":"The Bocage Vend\u00e9en"},"content":{"rendered":"\n<h4><div id=\"metaslider-id-1878\" style=\"max-width: 1600px; margin: 0 auto;\" class=\"ml-slider-3-106-0 metaslider metaslider-flex metaslider-1878 ml-slider ms-theme-default nav-hidden\" role=\"region\" aria-label=\"Alentours\" data-height=\"700\" data-width=\"1600\">\n    <div id=\"metaslider_container_1878\">\n        <div id=\"metaslider_1878\">\n            <ul class='slides'>\n                <li style=\"display: block; width: 100%;\" class=\"slide-1900 ms-image \" aria-roledescription=\"slide\" data-date=\"2017-12-13 17:50:36\" data-filename=\"puy-du-fou-1490x651.jpg\" data-slide-type=\"image\"><a href=\"http:\/\/puydufou.com\/\" target=\"_blank\" aria-label=\"View Slide Details\" class=\"metaslider_image_link\"><img loading=\"lazy\" decoding=\"async\" src=\"https:\/\/gitedelauduriere.fr\/wp-content\/uploads\/2015\/02\/puy-du-fou-1490x651.jpg\" height=\"700\" width=\"1600\" alt=\"\" class=\"slider-1878 slide-1900 msDefaultImage\" \/><\/a><div class=\"caption-wrap\"><div class=\"caption\">Ar\u00e8nes du Puy du Fou<\/div><\/div><\/li>\n                <li style=\"display: none; width: 100%;\" class=\"slide-1901 ms-image \" aria-roledescription=\"slide\" data-date=\"2017-12-13 17:50:36\" data-filename=\"prieure-1077x471.jpg\" data-slide-type=\"image\"><img loading=\"lazy\" decoding=\"async\" src=\"https:\/\/gitedelauduriere.fr\/wp-content\/uploads\/2015\/02\/prieure-1077x471.jpg\" height=\"700\" width=\"1600\" alt=\"\" class=\"slider-1878 slide-1901 msDefaultImage\" \/><div class=\"caption-wrap\"><div class=\"caption\">Prieur\u00e9 de Grammont<\/div><\/div><\/li>\n                <li style=\"display: none; width: 100%;\" class=\"slide-1902 ms-image \" aria-roledescription=\"slide\" data-date=\"2017-12-13 17:50:36\" data-filename=\"Chateau-Mesmin-scaled-1600x700.jpg\" data-slide-type=\"image\"><a href=\"http:\/\/www.chateau-saintmesmin.fr\/\" target=\"_blank\" aria-label=\"View Slide Details\" class=\"metaslider_image_link\"><img loading=\"lazy\" decoding=\"async\" src=\"https:\/\/gitedelauduriere.fr\/wp-content\/uploads\/2015\/02\/Chateau-Mesmin-scaled-1600x700.jpg\" height=\"700\" width=\"1600\" alt=\"\" class=\"slider-1878 slide-1902 msDefaultImage\" \/><\/a><div class=\"caption-wrap\"><div class=\"caption\">Ch\u00e2teau Saint Mesmin<\/div><\/div><\/li>\n                <li style=\"display: none; width: 100%;\" class=\"slide-1905 ms-image \" aria-roledescription=\"slide\" data-date=\"2017-12-13 17:50:37\" data-filename=\"chabotterie-1280x560.jpg\" data-slide-type=\"image\"><a href=\"http:\/\/chabotterie.vendee.fr\/\" target=\"_blank\" aria-label=\"View Slide Details\" class=\"metaslider_image_link\"><img loading=\"lazy\" decoding=\"async\" src=\"https:\/\/gitedelauduriere.fr\/wp-content\/uploads\/2015\/02\/chabotterie-1280x560.jpg\" height=\"700\" width=\"1600\" alt=\"\" class=\"slider-1878 slide-1905 msDefaultImage\" \/><\/a><div class=\"caption-wrap\"><div class=\"caption\">Le Logie de la Chabotterie<\/div><\/div><\/li>\n                <li style=\"display: none; width: 100%;\" class=\"slide-1906 ms-image \" aria-roledescription=\"slide\" data-date=\"2017-12-13 17:50:37\" data-filename=\"Chateau-de-Tiffauges-900x393.jpg\" data-slide-type=\"image\"><a href=\"http:\/\/chateau-tiffauges.vendee.fr\/\" target=\"_blank\" aria-label=\"View Slide Details\" class=\"metaslider_image_link\"><img loading=\"lazy\" decoding=\"async\" src=\"https:\/\/gitedelauduriere.fr\/wp-content\/uploads\/2015\/02\/Chateau-de-Tiffauges-900x393.jpg\" height=\"700\" width=\"1600\" alt=\"\" class=\"slider-1878 slide-1906 msDefaultImage\" \/><\/a><div class=\"caption-wrap\"><div class=\"caption\">Ch\u00e2teau de Tiffauges<\/div><\/div><\/li>\n                <li style=\"display: none; width: 100%;\" class=\"slide-1909 ms-image \" aria-roledescription=\"slide\" data-date=\"2017-12-13 17:58:24\" data-filename=\"Moulin-des-Alouettes-1280x560.jpg\" data-slide-type=\"image\"><img loading=\"lazy\" decoding=\"async\" src=\"https:\/\/gitedelauduriere.fr\/wp-content\/uploads\/2015\/02\/Moulin-des-Alouettes-1280x560.jpg\" height=\"700\" width=\"1600\" alt=\"\" class=\"slider-1878 slide-1909 msDefaultImage\" \/><div class=\"caption-wrap\"><div class=\"caption\">Moulin-des-Alouettes<\/div><\/div><\/li>\n                <li style=\"display: none; width: 100%;\" class=\"slide-1903 ms-image \" aria-roledescription=\"slide\" data-date=\"2017-12-13 17:50:37\" data-filename=\"carte-situation-touristique-1024x448.jpg\" data-slide-type=\"image\"><img loading=\"lazy\" decoding=\"async\" src=\"https:\/\/gitedelauduriere.fr\/wp-content\/uploads\/2015\/02\/carte-situation-touristique-1024x448.jpg\" height=\"700\" width=\"1600\" alt=\"\" class=\"slider-1878 slide-1903 msDefaultImage\" \/><div class=\"caption-wrap\"><div class=\"caption\">Carte de la Vend\u00e9e<\/div><\/div><\/li>\n            <\/ul>\n        <\/div>\n        \n    <\/div>\n<\/div><\/h4>\n&nbsp;\n\n<!--more-->\n<h3><a href=\"https:\/\/www.google.com\/maps\/d\/u\/0\/edit?mid=zEu2WbvbxDMY.kfYFF7PBC02k\">Map of historical places, attractions &#8230; around the G\u00eete de L&#8217;Auduri\u00e8re<\/a><\/h3>\n<iframe loading=\"lazy\" style=\"position: relative; top: -50px; border: none;\" src=\"https:\/\/www.google.com\/maps\/d\/embed?mid=17yvGiENtDpzwRUOTzvwk5QKa150\" width=\"100%\" height=\"465\"><\/iframe>\n<h2 id=\"leisureActivities\">Useful links:<\/h2>\n<a href=\"http:\/\/puydufou.com\" target=\"_blank\" rel=\"noopener\">Parc du Puy du Fou<\/a>\n<a href=\"http:\/\/www.vendee-tourisme.com\/\" target=\"_blank\" rel=\"noopener\">Comit\u00e9 d\u00e9partemental du Tourisme<\/a>\n<a href=\"http:\/\/www.autourdupuydufou.com\/\" target=\"_blank\" rel=\"noopener\">P\u00f4le touristique Vend\u00e9e Bocage<\/a>\n<a href=\"http:\/\/www.ot-lesherbiers.fr\" target=\"_blank\" rel=\"noopener\">Office du Tourisme des Herbiers<\/a>\n<a href=\"http:\/\/www.chateau-saintmesmin.fr\/\" target=\"_blank\" rel=\"noopener\">Ch\u00e2teau Saint Mesmin<\/a>\n<a href=\"http:\/\/chateau-tiffauges.vendee.fr\/\" target=\"_blank\" rel=\"noopener\">Ch\u00e2teau de Tiffauges<\/a>\n<a href=\"http:\/\/abbayes.vendee.fr\" target=\"_blank\" rel=\"noopener\">Abbayes de vend\u00e9e<\/a>\n<a href=\"http:\/\/chabotterie.vendee.fr\/\" target=\"_blank\" rel=\"noopener\">Logis de La Chabotterie<\/a>\n<a href=\"http:\/\/www.haras.vendee.fr\/\" target=\"_blank\" rel=\"noopener\">Haras de la Vend\u00e9e<\/a>\n","protected":false},"excerpt":{"rendered":"<p>&nbsp;<\/p>\n","protected":false},"author":1,"featured_media":958,"parent":0,"menu_order":0,"comment_status":"closed","ping_status":"closed","template":"","meta":{"footnotes":""},"class_list":["post-144","page","type-page","status-publish","has-post-thumbnail","hentry"],"yoast_head":"<!-- This site is optimized with the Yoast SEO plugin v27.1.1 - https:\/\/yoast.com\/product\/yoast-seo-wordpress\/ -->\n<title>The Bocage Vend\u00e9en - L&#039;Auduri\u00e8re<\/title>\n<meta name=\"description\" content=\"Attractions Touristiques, sites historiques, loisirs, sport... et \u00e0 8mn du Parc du Puy du Fou !\" \/>\n<meta name=\"robots\" content=\"index, follow, max-snippet:-1, max-image-preview:large, max-video-preview:-1\" \/>\n<link rel=\"canonical\" href=\"https:\/\/gitedelauduriere.fr\/en\/the-region\/\" \/>\n<meta property=\"og:locale\" content=\"en_US\" \/>\n<meta property=\"og:type\" content=\"article\" \/>\n<meta property=\"og:title\" content=\"The Bocage Vend\u00e9en - L&#039;Auduri\u00e8re\" \/>\n<meta property=\"og:description\" content=\"Attractions Touristiques, sites historiques, loisirs, sport... et \u00e0 8mn du Parc du Puy du Fou !\" \/>\n<meta property=\"og:url\" content=\"https:\/\/gitedelauduriere.fr\/en\/the-region\/\" \/>\n<meta property=\"og:site_name\" content=\"L&#039;Auduri\u00e8re\" \/>\n<meta property=\"article:publisher\" content=\"https:\/\/www.facebook.com\/Gite-de-lAuduri%c3%a8re-1670260346563000\/\" \/>\n<meta property=\"article:modified_time\" content=\"2022-02-10T13:18:12+00:00\" \/>\n<meta property=\"og:image\" content=\"https:\/\/gitedelauduriere.fr\/wp-content\/uploads\/2015\/01\/cropped-lac3.jpeg\" \/>\n\t<meta property=\"og:image:width\" content=\"1200\" \/>\n\t<meta property=\"og:image:height\" content=\"521\" \/>\n\t<meta property=\"og:image:type\" content=\"image\/jpeg\" \/>\n<meta name=\"twitter:card\" content=\"summary_large_image\" \/>\n<meta name=\"twitter:site\" content=\"@giteauduriere\" \/>\n<meta name=\"twitter:label1\" content=\"Est. reading time\" \/>\n\t<meta name=\"twitter:data1\" content=\"1 minute\" \/>\n<script type=\"application\/ld+json\" class=\"yoast-schema-graph\">{\"@context\":\"https:\/\/schema.org\",\"@graph\":[{\"@type\":\"WebPage\",\"@id\":\"https:\/\/gitedelauduriere.fr\/en\/the-region\/\",\"url\":\"https:\/\/gitedelauduriere.fr\/en\/the-region\/\",\"name\":\"The Bocage Vend\u00e9en - L&#039;Auduri\u00e8re\",\"isPartOf\":{\"@id\":\"https:\/\/gitedelauduriere.fr\/#website\"},\"primaryImageOfPage\":{\"@id\":\"https:\/\/gitedelauduriere.fr\/en\/the-region\/#primaryimage\"},\"image\":{\"@id\":\"https:\/\/gitedelauduriere.fr\/en\/the-region\/#primaryimage\"},\"thumbnailUrl\":\"https:\/\/gitedelauduriere.fr\/wp-content\/uploads\/2015\/01\/cropped-lac3.jpeg\",\"datePublished\":\"2015-02-01T16:15:11+00:00\",\"dateModified\":\"2022-02-10T13:18:12+00:00\",\"description\":\"Attractions Touristiques, sites historiques, loisirs, sport... et \u00e0 8mn du Parc du Puy du Fou !\",\"breadcrumb\":{\"@id\":\"https:\/\/gitedelauduriere.fr\/en\/the-region\/#breadcrumb\"},\"inLanguage\":\"en-US\",\"potentialAction\":[{\"@type\":\"ReadAction\",\"target\":[\"https:\/\/gitedelauduriere.fr\/en\/the-region\/\"]}]},{\"@type\":\"ImageObject\",\"inLanguage\":\"en-US\",\"@id\":\"https:\/\/gitedelauduriere.fr\/en\/the-region\/#primaryimage\",\"url\":\"https:\/\/gitedelauduriere.fr\/wp-content\/uploads\/2015\/01\/cropped-lac3.jpeg\",\"contentUrl\":\"https:\/\/gitedelauduriere.fr\/wp-content\/uploads\/2015\/01\/cropped-lac3.jpeg\",\"width\":1200,\"height\":521},{\"@type\":\"BreadcrumbList\",\"@id\":\"https:\/\/gitedelauduriere.fr\/en\/the-region\/#breadcrumb\",\"itemListElement\":[{\"@type\":\"ListItem\",\"position\":1,\"name\":\"Accueil\",\"item\":\"https:\/\/gitedelauduriere.fr\/en\/\"},{\"@type\":\"ListItem\",\"position\":2,\"name\":\"The Bocage Vend\u00e9en\"}]},{\"@type\":\"WebSite\",\"@id\":\"https:\/\/gitedelauduriere.fr\/#website\",\"url\":\"https:\/\/gitedelauduriere.fr\/\",\"name\":\"L'Auduri\u00e8re\",\"description\":\"Holiday Cottage\",\"publisher\":{\"@id\":\"https:\/\/gitedelauduriere.fr\/#organization\"},\"potentialAction\":[{\"@type\":\"SearchAction\",\"target\":{\"@type\":\"EntryPoint\",\"urlTemplate\":\"https:\/\/gitedelauduriere.fr\/?s={search_term_string}\"},\"query-input\":{\"@type\":\"PropertyValueSpecification\",\"valueRequired\":true,\"valueName\":\"search_term_string\"}}],\"inLanguage\":\"en-US\"},{\"@type\":\"Organization\",\"@id\":\"https:\/\/gitedelauduriere.fr\/#organization\",\"name\":\"G\u00eete de l'Auduri\u00e8re\",\"url\":\"https:\/\/gitedelauduriere.fr\/\",\"logo\":{\"@type\":\"ImageObject\",\"inLanguage\":\"en-US\",\"@id\":\"https:\/\/gitedelauduriere.fr\/#\/schema\/logo\/image\/\",\"url\":\"https:\/\/gitedelauduriere.fr\/wp-content\/uploads\/2017\/10\/logo2Grand.png\",\"contentUrl\":\"https:\/\/gitedelauduriere.fr\/wp-content\/uploads\/2017\/10\/logo2Grand.png\",\"width\":605,\"height\":294,\"caption\":\"G\u00eete de l'Auduri\u00e8re\"},\"image\":{\"@id\":\"https:\/\/gitedelauduriere.fr\/#\/schema\/logo\/image\/\"},\"sameAs\":[\"https:\/\/www.facebook.com\/Gite-de-lAuduri\u00e8re-1670260346563000\/\",\"https:\/\/x.com\/giteauduriere\",\"https:\/\/www.youtube.com\/channel\/UChuwNhN1zsX0fKHi-BKKopQ\"]}]}<\/script>\n<!-- \/ Yoast SEO plugin. -->","yoast_head_json":{"title":"The Bocage Vend\u00e9en - L&#039;Auduri\u00e8re","description":"Attractions Touristiques, sites historiques, loisirs, sport... et \u00e0 8mn du Parc du Puy du Fou !","robots":{"index":"index","follow":"follow","max-snippet":"max-snippet:-1","max-image-preview":"max-image-preview:large","max-video-preview":"max-video-preview:-1"},"canonical":"https:\/\/gitedelauduriere.fr\/en\/the-region\/","og_locale":"en_US","og_type":"article","og_title":"The Bocage Vend\u00e9en - L&#039;Auduri\u00e8re","og_description":"Attractions Touristiques, sites historiques, loisirs, sport... et \u00e0 8mn du Parc du Puy du Fou !","og_url":"https:\/\/gitedelauduriere.fr\/en\/the-region\/","og_site_name":"L&#039;Auduri\u00e8re","article_publisher":"https:\/\/www.facebook.com\/Gite-de-lAuduri%c3%a8re-1670260346563000\/","article_modified_time":"2022-02-10T13:18:12+00:00","og_image":[{"width":1200,"height":521,"url":"https:\/\/gitedelauduriere.fr\/wp-content\/uploads\/2015\/01\/cropped-lac3.jpeg","type":"image\/jpeg"}],"twitter_card":"summary_large_image","twitter_site":"@giteauduriere","twitter_misc":{"Est. reading time":"1 minute"},"schema":{"@context":"https:\/\/schema.org","@graph":[{"@type":"WebPage","@id":"https:\/\/gitedelauduriere.fr\/en\/the-region\/","url":"https:\/\/gitedelauduriere.fr\/en\/the-region\/","name":"The Bocage Vend\u00e9en - L&#039;Auduri\u00e8re","isPartOf":{"@id":"https:\/\/gitedelauduriere.fr\/#website"},"primaryImageOfPage":{"@id":"https:\/\/gitedelauduriere.fr\/en\/the-region\/#primaryimage"},"image":{"@id":"https:\/\/gitedelauduriere.fr\/en\/the-region\/#primaryimage"},"thumbnailUrl":"https:\/\/gitedelauduriere.fr\/wp-content\/uploads\/2015\/01\/cropped-lac3.jpeg","datePublished":"2015-02-01T16:15:11+00:00","dateModified":"2022-02-10T13:18:12+00:00","description":"Attractions Touristiques, sites historiques, loisirs, sport... et \u00e0 8mn du Parc du Puy du Fou !","breadcrumb":{"@id":"https:\/\/gitedelauduriere.fr\/en\/the-region\/#breadcrumb"},"inLanguage":"en-US","potentialAction":[{"@type":"ReadAction","target":["https:\/\/gitedelauduriere.fr\/en\/the-region\/"]}]},{"@type":"ImageObject","inLanguage":"en-US","@id":"https:\/\/gitedelauduriere.fr\/en\/the-region\/#primaryimage","url":"https:\/\/gitedelauduriere.fr\/wp-content\/uploads\/2015\/01\/cropped-lac3.jpeg","contentUrl":"https:\/\/gitedelauduriere.fr\/wp-content\/uploads\/2015\/01\/cropped-lac3.jpeg","width":1200,"height":521},{"@type":"BreadcrumbList","@id":"https:\/\/gitedelauduriere.fr\/en\/the-region\/#breadcrumb","itemListElement":[{"@type":"ListItem","position":1,"name":"Accueil","item":"https:\/\/gitedelauduriere.fr\/en\/"},{"@type":"ListItem","position":2,"name":"The Bocage Vend\u00e9en"}]},{"@type":"WebSite","@id":"https:\/\/gitedelauduriere.fr\/#website","url":"https:\/\/gitedelauduriere.fr\/","name":"L'Auduri\u00e8re","description":"Holiday Cottage","publisher":{"@id":"https:\/\/gitedelauduriere.fr\/#organization"},"potentialAction":[{"@type":"SearchAction","target":{"@type":"EntryPoint","urlTemplate":"https:\/\/gitedelauduriere.fr\/?s={search_term_string}"},"query-input":{"@type":"PropertyValueSpecification","valueRequired":true,"valueName":"search_term_string"}}],"inLanguage":"en-US"},{"@type":"Organization","@id":"https:\/\/gitedelauduriere.fr\/#organization","name":"G\u00eete de l'Auduri\u00e8re","url":"https:\/\/gitedelauduriere.fr\/","logo":{"@type":"ImageObject","inLanguage":"en-US","@id":"https:\/\/gitedelauduriere.fr\/#\/schema\/logo\/image\/","url":"https:\/\/gitedelauduriere.fr\/wp-content\/uploads\/2017\/10\/logo2Grand.png","contentUrl":"https:\/\/gitedelauduriere.fr\/wp-content\/uploads\/2017\/10\/logo2Grand.png","width":605,"height":294,"caption":"G\u00eete de l'Auduri\u00e8re"},"image":{"@id":"https:\/\/gitedelauduriere.fr\/#\/schema\/logo\/image\/"},"sameAs":["https:\/\/www.facebook.com\/Gite-de-lAuduri\u00e8re-1670260346563000\/","https:\/\/x.com\/giteauduriere","https:\/\/www.youtube.com\/channel\/UChuwNhN1zsX0fKHi-BKKopQ"]}]}},"_links":{"self":[{"href":"https:\/\/gitedelauduriere.fr\/en\/wp-json\/wp\/v2\/pages\/144","targetHints":{"allow":["GET"]}}],"collection":[{"href":"https:\/\/gitedelauduriere.fr\/en\/wp-json\/wp\/v2\/pages"}],"about":[{"href":"https:\/\/gitedelauduriere.fr\/en\/wp-json\/wp\/v2\/types\/page"}],"author":[{"embeddable":true,"href":"https:\/\/gitedelauduriere.fr\/en\/wp-json\/wp\/v2\/users\/1"}],"replies":[{"embeddable":true,"href":"https:\/\/gitedelauduriere.fr\/en\/wp-json\/wp\/v2\/comments?post=144"}],"version-history":[{"count":2,"href":"https:\/\/gitedelauduriere.fr\/en\/wp-json\/wp\/v2\/pages\/144\/revisions"}],"predecessor-version":[{"id":3664,"href":"https:\/\/gitedelauduriere.fr\/en\/wp-json\/wp\/v2\/pages\/144\/revisions\/3664"}],"wp:featuredmedia":[{"embeddable":true,"href":"https:\/\/gitedelauduriere.fr\/en\/wp-json\/wp\/v2\/media\/958"}],"wp:attachment":[{"href":"https:\/\/gitedelauduriere.fr\/en\/wp-json\/wp\/v2\/media?parent=144"}],"curies":[{"name":"wp","href":"https:\/\/api.w.org\/{rel}","templated":true}]}}