

{"id":962,"date":"2017-10-16T18:48:00","date_gmt":"2017-10-16T17:48:00","guid":{"rendered":"https:\/\/gitedelauduriere.fr\/?page_id=962"},"modified":"2022-02-11T10:59:50","modified_gmt":"2022-02-11T09:59:50","slug":"home","status":"publish","type":"page","link":"https:\/\/gitedelauduriere.fr\/en\/","title":{"rendered":"Home"},"content":{"rendered":"\n\n\t<div id=\"metaslider-id-1429\" style=\"width: 100%; margin: 0 auto;\" class=\"ml-slider-3-106-0 metaslider metaslider-responsive metaslider-1429 ml-slider ms-theme-default\" role=\"region\" aria-label=\"R\u00e9servation\" data-height=\"300\" data-width=\"900\">\n    <div id=\"metaslider_container_1429\">\n        <ul id='metaslider_1429' class='rslides'>\n            <li aria-roledescription='slide' aria-labelledby='slide-0'><img loading=\"lazy\" decoding=\"async\" src=\"https:\/\/gitedelauduriere.fr\/wp-content\/uploads\/2018\/04\/DSC_1063-1-scaled-900x300.jpg\" height=\"300\" width=\"900\" alt=\"\" class=\"slider-1429 slide-2085 msDefaultImage\" title=\"La maison\" \/><div class=\"caption-wrap\"><div class=\"caption\">The house<\/div><\/div><\/li>\n            <li style='display: none;' aria-roledescription='slide' aria-labelledby='slide-1'><img loading=\"lazy\" decoding=\"async\" src=\"https:\/\/gitedelauduriere.fr\/wp-content\/uploads\/2018\/04\/DSC_1015-1-scaled-900x300.jpg\" height=\"300\" width=\"900\" alt=\"\" class=\"slider-1429 slide-1881 msDefaultImage\" \/><\/li>\n            <li style='display: none;' aria-roledescription='slide' aria-labelledby='slide-2'><img loading=\"lazy\" decoding=\"async\" src=\"https:\/\/gitedelauduriere.fr\/wp-content\/uploads\/2018\/04\/DSC_1006-1-scaled-900x300.jpg\" height=\"300\" width=\"900\" alt=\"\" class=\"slider-1429 slide-2092 msDefaultImage\" title=\"DSC_1006 (1)\" \/><\/li>\n            <li style='display: none;' aria-roledescription='slide' aria-labelledby='slide-3'><img loading=\"lazy\" decoding=\"async\" src=\"https:\/\/gitedelauduriere.fr\/wp-content\/uploads\/2017\/10\/hiver-900x300.jpeg\" height=\"300\" width=\"900\" alt=\"\" class=\"slider-1429 slide-1431 msDefaultImage\" \/><\/li>\n            <li style='display: none;' aria-roledescription='slide' aria-labelledby='slide-4'><img loading=\"lazy\" decoding=\"async\" src=\"https:\/\/gitedelauduriere.fr\/wp-content\/uploads\/2017\/11\/chambre-1-900x300.jpg\" height=\"300\" width=\"900\" alt=\"\" class=\"slider-1429 slide-1854 msDefaultImage\" \/><\/li>\n            <li style='display: none;' aria-roledescription='slide' aria-labelledby='slide-5'><img loading=\"lazy\" decoding=\"async\" src=\"https:\/\/gitedelauduriere.fr\/wp-content\/uploads\/2015\/05\/IMG_2373-scaled-900x300.jpg\" height=\"300\" width=\"900\" alt=\"\" class=\"slider-1429 slide-1859 msDefaultImage\" \/><\/li>\n            <li style='display: none;' aria-roledescription='slide' aria-labelledby='slide-6'><img loading=\"lazy\" decoding=\"async\" src=\"https:\/\/gitedelauduriere.fr\/wp-content\/uploads\/2015\/02\/IMG_2387-scaled-900x300.jpg\" height=\"300\" width=\"900\" alt=\"\" class=\"slider-1429 slide-1858 msDefaultImage\" \/><\/li>\n            <li style='display: none;' aria-roledescription='slide' aria-labelledby='slide-7'><img loading=\"lazy\" decoding=\"async\" src=\"https:\/\/gitedelauduriere.fr\/wp-content\/uploads\/2015\/02\/IMG_2393-scaled-900x300.jpg\" height=\"300\" width=\"900\" alt=\"\" class=\"slider-1429 slide-1857 msDefaultImage\" \/><\/li>\n            <li style='display: none;' aria-roledescription='slide' aria-labelledby='slide-8'><img loading=\"lazy\" decoding=\"async\" src=\"https:\/\/gitedelauduriere.fr\/wp-content\/uploads\/2015\/01\/a464f2af-9cce-4a54-949b-41574ef1152d.1.10-900x300.jpeg\" height=\"300\" width=\"900\" alt=\"\" class=\"slider-1429 slide-1861 msDefaultImage\" \/><\/li>\n            <li style='display: none;' aria-roledescription='slide' aria-labelledby='slide-9'><img loading=\"lazy\" decoding=\"async\" src=\"https:\/\/gitedelauduriere.fr\/wp-content\/uploads\/2017\/12\/maison-900x300.jpg\" height=\"300\" width=\"900\" alt=\"\" class=\"slider-1429 slide-1855 msDefaultImage\" \/><\/li>\n            <li style='display: none;' aria-roledescription='slide' aria-labelledby='slide-10'><img loading=\"lazy\" decoding=\"async\" src=\"https:\/\/gitedelauduriere.fr\/wp-content\/uploads\/2017\/10\/DJI_0027-scaled-900x300.jpg\" height=\"300\" width=\"900\" alt=\"\" class=\"slider-1429 slide-1430 msDefaultImage\" \/><div class=\"caption-wrap\"><div class=\"caption\">DCIM100MEDIADJI_0027.JPG<\/div><\/div><\/li>\n            <li style='display: none;' aria-roledescription='slide' aria-labelledby='slide-11'><img loading=\"lazy\" decoding=\"async\" src=\"https:\/\/gitedelauduriere.fr\/wp-content\/uploads\/2015\/01\/a46ede99-132c-42d2-848c-3a158f76ac2f.1.10-900x300.jpeg\" height=\"300\" width=\"900\" alt=\"\" class=\"slider-1429 slide-1860 msDefaultImage\" \/><\/li>\n            <li style='display: none;' aria-roledescription='slide' aria-labelledby='slide-12'><img loading=\"lazy\" decoding=\"async\" src=\"https:\/\/gitedelauduriere.fr\/wp-content\/uploads\/2019\/05\/billard-scaled-900x300.jpg\" height=\"300\" width=\"900\" alt=\"\" class=\"slider-1429 slide-2566 msDefaultImage\" title=\"billard\" \/><\/li>\n        <\/ul>\n        \n    <\/div>\n<\/div>\n\t<p>&nbsp;<\/p>\n<p>\u00c0 12mn du Puy du Fou, situ\u00e9 aux Herbiers, le g<em>\u00eete<\/em> de l&#8217;<em>Auduri\u00e8re<\/em> offre un domaine exceptionnel sur lac.<\/p>\n\n","protected":false},"excerpt":{"rendered":"<p>&nbsp; \u00c0 12mn du Puy du Fou, situ\u00e9 aux Herbiers, le g\u00eete de l&#8217;Auduri\u00e8re offre un domaine exceptionnel sur lac.<\/p>\n","protected":false},"author":2,"featured_media":0,"parent":0,"menu_order":0,"comment_status":"closed","ping_status":"closed","template":"","meta":{"footnotes":""},"class_list":["post-962","page","type-page","status-publish","hentry"],"yoast_head":"<!-- This site is optimized with the Yoast SEO plugin v27.1.1 - https:\/\/yoast.com\/product\/yoast-seo-wordpress\/ -->\n<title>G\u00eete de L&#039;Auduri\u00e8re | Holiday Cottage in Vend\u00e9e (France)<\/title>\n<meta name=\"description\" content=\"An exceptional area on ponds. 5 bedrooms up to 10 people, indoor pool. Book the house online!\" \/>\n<meta name=\"robots\" content=\"index, follow, max-snippet:-1, max-image-preview:large, max-video-preview:-1\" \/>\n<link rel=\"canonical\" href=\"https:\/\/gitedelauduriere.fr\/en\/\" \/>\n<meta property=\"og:locale\" content=\"en_US\" \/>\n<meta property=\"og:type\" content=\"article\" \/>\n<meta property=\"og:title\" content=\"G\u00eete de L&#039;Auduri\u00e8re | Holiday Cottage in Vend\u00e9e (France)\" \/>\n<meta property=\"og:description\" content=\"An exceptional area on ponds. 5 bedrooms up to 10 people, indoor pool. Book the house online!\" \/>\n<meta property=\"og:url\" content=\"https:\/\/gitedelauduriere.fr\/en\/\" \/>\n<meta property=\"og:site_name\" content=\"L&#039;Auduri\u00e8re\" \/>\n<meta property=\"article:publisher\" content=\"https:\/\/www.facebook.com\/Gite-de-lAuduri%c3%a8re-1670260346563000\/\" \/>\n<meta property=\"article:modified_time\" content=\"2022-02-11T09:59:50+00:00\" \/>\n<meta name=\"twitter:card\" content=\"summary_large_image\" \/>\n<meta name=\"twitter:site\" content=\"@giteauduriere\" \/>\n<meta name=\"twitter:label1\" content=\"Est. reading time\" \/>\n\t<meta name=\"twitter:data1\" content=\"1 minute\" \/>\n<script type=\"application\/ld+json\" class=\"yoast-schema-graph\">{\"@context\":\"https:\/\/schema.org\",\"@graph\":[{\"@type\":\"WebPage\",\"@id\":\"https:\/\/gitedelauduriere.fr\/en\/\",\"url\":\"https:\/\/gitedelauduriere.fr\/en\/\",\"name\":\"G\u00eete de L'Auduri\u00e8re | Holiday Cottage in Vend\u00e9e (France)\",\"isPartOf\":{\"@id\":\"https:\/\/gitedelauduriere.fr\/#website\"},\"datePublished\":\"2017-10-16T17:48:00+00:00\",\"dateModified\":\"2022-02-11T09:59:50+00:00\",\"description\":\"An exceptional area on ponds. 5 bedrooms up to 10 people, indoor pool. Book the house online!\",\"breadcrumb\":{\"@id\":\"https:\/\/gitedelauduriere.fr\/en\/#breadcrumb\"},\"inLanguage\":\"en-US\",\"potentialAction\":[{\"@type\":\"ReadAction\",\"target\":[\"https:\/\/gitedelauduriere.fr\/en\/\"]}]},{\"@type\":\"BreadcrumbList\",\"@id\":\"https:\/\/gitedelauduriere.fr\/en\/#breadcrumb\",\"itemListElement\":[{\"@type\":\"ListItem\",\"position\":1,\"name\":\"Accueil\",\"item\":\"https:\/\/gitedelauduriere.fr\/en\/\"},{\"@type\":\"ListItem\",\"position\":2,\"name\":\"Home\"}]},{\"@type\":\"WebSite\",\"@id\":\"https:\/\/gitedelauduriere.fr\/#website\",\"url\":\"https:\/\/gitedelauduriere.fr\/\",\"name\":\"L'Auduri\u00e8re\",\"description\":\"Holiday Cottage\",\"publisher\":{\"@id\":\"https:\/\/gitedelauduriere.fr\/#organization\"},\"potentialAction\":[{\"@type\":\"SearchAction\",\"target\":{\"@type\":\"EntryPoint\",\"urlTemplate\":\"https:\/\/gitedelauduriere.fr\/?s={search_term_string}\"},\"query-input\":{\"@type\":\"PropertyValueSpecification\",\"valueRequired\":true,\"valueName\":\"search_term_string\"}}],\"inLanguage\":\"en-US\"},{\"@type\":\"Organization\",\"@id\":\"https:\/\/gitedelauduriere.fr\/#organization\",\"name\":\"G\u00eete de l'Auduri\u00e8re\",\"url\":\"https:\/\/gitedelauduriere.fr\/\",\"logo\":{\"@type\":\"ImageObject\",\"inLanguage\":\"en-US\",\"@id\":\"https:\/\/gitedelauduriere.fr\/#\/schema\/logo\/image\/\",\"url\":\"https:\/\/gitedelauduriere.fr\/wp-content\/uploads\/2017\/10\/logo2Grand.png\",\"contentUrl\":\"https:\/\/gitedelauduriere.fr\/wp-content\/uploads\/2017\/10\/logo2Grand.png\",\"width\":605,\"height\":294,\"caption\":\"G\u00eete de l'Auduri\u00e8re\"},\"image\":{\"@id\":\"https:\/\/gitedelauduriere.fr\/#\/schema\/logo\/image\/\"},\"sameAs\":[\"https:\/\/www.facebook.com\/Gite-de-lAuduri\u00e8re-1670260346563000\/\",\"https:\/\/x.com\/giteauduriere\",\"https:\/\/www.youtube.com\/channel\/UChuwNhN1zsX0fKHi-BKKopQ\"]}]}<\/script>\n<!-- \/ Yoast SEO plugin. -->","yoast_head_json":{"title":"G\u00eete de L'Auduri\u00e8re | Holiday Cottage in Vend\u00e9e (France)","description":"An exceptional area on ponds. 5 bedrooms up to 10 people, indoor pool. Book the house online!","robots":{"index":"index","follow":"follow","max-snippet":"max-snippet:-1","max-image-preview":"max-image-preview:large","max-video-preview":"max-video-preview:-1"},"canonical":"https:\/\/gitedelauduriere.fr\/en\/","og_locale":"en_US","og_type":"article","og_title":"G\u00eete de L'Auduri\u00e8re | Holiday Cottage in Vend\u00e9e (France)","og_description":"An exceptional area on ponds. 5 bedrooms up to 10 people, indoor pool. Book the house online!","og_url":"https:\/\/gitedelauduriere.fr\/en\/","og_site_name":"L&#039;Auduri\u00e8re","article_publisher":"https:\/\/www.facebook.com\/Gite-de-lAuduri%c3%a8re-1670260346563000\/","article_modified_time":"2022-02-11T09:59:50+00:00","twitter_card":"summary_large_image","twitter_site":"@giteauduriere","twitter_misc":{"Est. reading time":"1 minute"},"schema":{"@context":"https:\/\/schema.org","@graph":[{"@type":"WebPage","@id":"https:\/\/gitedelauduriere.fr\/en\/","url":"https:\/\/gitedelauduriere.fr\/en\/","name":"G\u00eete de L'Auduri\u00e8re | Holiday Cottage in Vend\u00e9e (France)","isPartOf":{"@id":"https:\/\/gitedelauduriere.fr\/#website"},"datePublished":"2017-10-16T17:48:00+00:00","dateModified":"2022-02-11T09:59:50+00:00","description":"An exceptional area on ponds. 5 bedrooms up to 10 people, indoor pool. Book the house online!","breadcrumb":{"@id":"https:\/\/gitedelauduriere.fr\/en\/#breadcrumb"},"inLanguage":"en-US","potentialAction":[{"@type":"ReadAction","target":["https:\/\/gitedelauduriere.fr\/en\/"]}]},{"@type":"BreadcrumbList","@id":"https:\/\/gitedelauduriere.fr\/en\/#breadcrumb","itemListElement":[{"@type":"ListItem","position":1,"name":"Accueil","item":"https:\/\/gitedelauduriere.fr\/en\/"},{"@type":"ListItem","position":2,"name":"Home"}]},{"@type":"WebSite","@id":"https:\/\/gitedelauduriere.fr\/#website","url":"https:\/\/gitedelauduriere.fr\/","name":"L'Auduri\u00e8re","description":"Holiday Cottage","publisher":{"@id":"https:\/\/gitedelauduriere.fr\/#organization"},"potentialAction":[{"@type":"SearchAction","target":{"@type":"EntryPoint","urlTemplate":"https:\/\/gitedelauduriere.fr\/?s={search_term_string}"},"query-input":{"@type":"PropertyValueSpecification","valueRequired":true,"valueName":"search_term_string"}}],"inLanguage":"en-US"},{"@type":"Organization","@id":"https:\/\/gitedelauduriere.fr\/#organization","name":"G\u00eete de l'Auduri\u00e8re","url":"https:\/\/gitedelauduriere.fr\/","logo":{"@type":"ImageObject","inLanguage":"en-US","@id":"https:\/\/gitedelauduriere.fr\/#\/schema\/logo\/image\/","url":"https:\/\/gitedelauduriere.fr\/wp-content\/uploads\/2017\/10\/logo2Grand.png","contentUrl":"https:\/\/gitedelauduriere.fr\/wp-content\/uploads\/2017\/10\/logo2Grand.png","width":605,"height":294,"caption":"G\u00eete de l'Auduri\u00e8re"},"image":{"@id":"https:\/\/gitedelauduriere.fr\/#\/schema\/logo\/image\/"},"sameAs":["https:\/\/www.facebook.com\/Gite-de-lAuduri\u00e8re-1670260346563000\/","https:\/\/x.com\/giteauduriere","https:\/\/www.youtube.com\/channel\/UChuwNhN1zsX0fKHi-BKKopQ"]}]}},"_links":{"self":[{"href":"https:\/\/gitedelauduriere.fr\/en\/wp-json\/wp\/v2\/pages\/962","targetHints":{"allow":["GET"]}}],"collection":[{"href":"https:\/\/gitedelauduriere.fr\/en\/wp-json\/wp\/v2\/pages"}],"about":[{"href":"https:\/\/gitedelauduriere.fr\/en\/wp-json\/wp\/v2\/types\/page"}],"author":[{"embeddable":true,"href":"https:\/\/gitedelauduriere.fr\/en\/wp-json\/wp\/v2\/users\/2"}],"replies":[{"embeddable":true,"href":"https:\/\/gitedelauduriere.fr\/en\/wp-json\/wp\/v2\/comments?post=962"}],"version-history":[{"count":5,"href":"https:\/\/gitedelauduriere.fr\/en\/wp-json\/wp\/v2\/pages\/962\/revisions"}],"predecessor-version":[{"id":3678,"href":"https:\/\/gitedelauduriere.fr\/en\/wp-json\/wp\/v2\/pages\/962\/revisions\/3678"}],"wp:attachment":[{"href":"https:\/\/gitedelauduriere.fr\/en\/wp-json\/wp\/v2\/media?parent=962"}],"curies":[{"name":"wp","href":"https:\/\/api.w.org\/{rel}","templated":true}]}}